{"id":3494,"date":"2022-04-20T15:18:06","date_gmt":"2022-04-20T13:18:06","guid":{"rendered":"https:\/\/www.gut-pohnstorf.de\/?page_id=3494"},"modified":"2022-12-09T13:36:39","modified_gmt":"2022-12-09T12:36:39","slug":"aktiv-in-pohnstorf","status":"publish","type":"page","link":"https:\/\/www.gut-pohnstorf.de\/en\/aktiv-in-pohnstorf\/","title":{"rendered":"Aktiv in Pohnstorf"},"content":{"rendered":"\n<p>Nat\u00fcrlich merkt man gleich, dass Pohnstorf ein sch\u00f6nes Fleckchen Erde in einer weitl\u00e4ufigen und gro\u00dfz\u00fcgigen Landschaft ist. Hier ist Platz. Aber das Dorf bietet viel mehr, als man auf den ersten Blick erkennt. Daher helfen wir unseren G\u00e4sten gerne, ein sch\u00f6nes Programm zu stricken.<\/p>\n","protected":false},"excerpt":{"rendered":"<p>Nat\u00fcrlich merkt man gleich, dass Pohnstorf ein sch\u00f6nes Fleckchen Erde in einer weitl\u00e4ufigen und gro\u00dfz\u00fcgigen Landschaft ist. Hier ist Platz. Aber das Dorf bietet viel mehr, als man auf den ersten Blick erkennt. Daher helfen wir unseren G\u00e4sten gerne, ein sch\u00f6nes Programm zu stricken.<\/p>\n","protected":false},"author":1,"featured_media":3502,"parent":0,"menu_order":0,"comment_status":"closed","ping_status":"closed","template":"","meta":{"_acf_changed":false,"footnotes":""},"class_list":["post-3494","page","type-page","status-publish","has-post-thumbnail","hentry"],"acf":[],"_links":{"self":[{"href":"https:\/\/www.gut-pohnstorf.de\/en\/wp-json\/wp\/v2\/pages\/3494","targetHints":{"allow":["GET"]}}],"collection":[{"href":"https:\/\/www.gut-pohnstorf.de\/en\/wp-json\/wp\/v2\/pages"}],"about":[{"href":"https:\/\/www.gut-pohnstorf.de\/en\/wp-json\/wp\/v2\/types\/page"}],"author":[{"embeddable":true,"href":"https:\/\/www.gut-pohnstorf.de\/en\/wp-json\/wp\/v2\/users\/1"}],"replies":[{"embeddable":true,"href":"https:\/\/www.gut-pohnstorf.de\/en\/wp-json\/wp\/v2\/comments?post=3494"}],"version-history":[{"count":1,"href":"https:\/\/www.gut-pohnstorf.de\/en\/wp-json\/wp\/v2\/pages\/3494\/revisions"}],"predecessor-version":[{"id":3706,"href":"https:\/\/www.gut-pohnstorf.de\/en\/wp-json\/wp\/v2\/pages\/3494\/revisions\/3706"}],"wp:featuredmedia":[{"embeddable":true,"href":"https:\/\/www.gut-pohnstorf.de\/en\/wp-json\/wp\/v2\/media\/3502"}],"wp:attachment":[{"href":"https:\/\/www.gut-pohnstorf.de\/en\/wp-json\/wp\/v2\/media?parent=3494"}],"curies":[{"name":"wp","href":"https:\/\/api.w.org\/{rel}","templated":true}]}}