{"id":3533,"date":"2022-05-20T11:15:54","date_gmt":"2022-05-20T09:15:54","guid":{"rendered":"https:\/\/www.gut-pohnstorf.de\/?page_id=3533"},"modified":"2022-12-09T13:41:46","modified_gmt":"2022-12-09T12:41:46","slug":"landselection","status":"publish","type":"page","link":"https:\/\/www.gut-pohnstorf.de\/en\/landselection\/","title":{"rendered":"LandSelection"},"content":{"rendered":"\n<p>Hier beginnt die sch\u00f6nste Zeit des Jahres \u2013 <strong>Ihr Urlaub mit Seele.<\/strong> Deshalb sind uns die Werte von LandSelection sehr wichtig: Passion, Einzigartigkeit, Bildung und Qualit\u00e4t.<\/p>\n\n\n<div class=\"wp-block-image\">\n<figure class=\"alignleft\"><a href=\"https:\/\/www.gut-pohnstorf.de\/wp-content\/uploads\/LandSelection.jpg\"><img decoding=\"async\" src=\"https:\/\/www.gut-pohnstorf.de\/wp-content\/uploads\/LandSelection.jpg\" alt=\"\" class=\"wp-image-3534\"\/><\/a><\/figure>\n<\/div>\n\n\n<p><strong>\u25b6<\/strong><strong> Passion<\/strong><strong>&nbsp;<\/strong><\/p>\n\n\n\n<p>Wir sind Gastgeber mit Herz. Das Gutshaus ist in Familienhand. Das Geb\u00e4ude erz\u00e4hlt&nbsp;Geschichten. Seite an Seite mit neuen Ideen und Entwicklung.<br>\nDie Ruhe und Natur, das Abschalten und frei sein, das ist Gut Pohnstorf und dieses Gef\u00fchl m\u00f6chten wir unseren G\u00e4sten weitergeben.<\/p>\n\n\n\n<p><strong>&nbsp;<\/strong><strong>\u25b6<\/strong><strong> Einzigartigkeit<\/strong><\/p>\n\n\n\n<p>Nat\u00fcrlich merkt man gleich, dass Pohnstorf ein sch\u00f6nes Fleckchen Erde in einer weitl\u00e4ufigen und gro\u00dfz\u00fcgigen Landschaft ist. Hier ist Platz. Aber das Dorf und das Haus bieten viel mehr, als man auf den ersten Blick erkennt. Das Haus ist durch die Anh\u00f6he das h\u00f6chste Gutshaus in ganz Mecklenburgs. Das Haus ist umgeben von Feldern, W\u00e4ldern und Seen. Gleich hinter dem Gutshaus ist ein Schwimmteich in Herzform. Mitten im Naturgebiet der Mecklenburgischen Schweiz thront das&nbsp; &nbsp; &nbsp; &nbsp; &nbsp; &nbsp; &nbsp; &nbsp; &nbsp; &nbsp; &nbsp; &nbsp; &nbsp; &nbsp; &nbsp; &nbsp; &nbsp; &nbsp; &nbsp; &nbsp; &nbsp; &nbsp; &nbsp; &nbsp; &nbsp; &nbsp; &nbsp; &nbsp; &nbsp; &nbsp; &nbsp; &nbsp; &nbsp; &nbsp; &nbsp; &nbsp; &nbsp; &nbsp; &nbsp; &nbsp; Gutshaus auf einem H\u00fcgel, dem Hardtberg. Wir sind schwer zu finden, aber auch&nbsp; &nbsp; &nbsp; &nbsp; &nbsp; &nbsp; &nbsp; &nbsp; &nbsp; &nbsp; &nbsp; &nbsp; &nbsp; &nbsp; &nbsp; &nbsp; &nbsp; &nbsp; &nbsp; &nbsp; &nbsp; &nbsp; &nbsp; &nbsp; &nbsp; &nbsp; &nbsp; &nbsp; &nbsp; &nbsp; &nbsp; &nbsp; &nbsp; &nbsp; &nbsp; &nbsp; &nbsp; &nbsp; schwer zu vergessen.<\/p>\n\n\n\n<p><strong>&nbsp;<\/strong><strong>\u25b6<\/strong><strong> Bildung<\/strong><\/p>\n\n\n\n<p>Uns ist die N\u00e4he zur Landwirtschaft wichtig, da die Vorgeschichte des Gutshauses auf ein Rittergut zur\u00fcckgeht, das in der Landwirtschaft verankert war. Hier hat das Huhn zu tun, damit das Fr\u00fchst\u00fccksei auf dem Tisch steht. Hier werden wir erinnert, dass die Kuh f\u00fcr frische Milch gemelkt werden muss. Die jungen K\u00e4lbchen kennen wir aus dem benachbarten Kuhstall. Hier findet das Leben vor der T\u00fcr statt. Kinder entdecken die Tiere in der Umgebung und spielen drau\u00dfen auf den Feldern. Und Eltern sind gl\u00fccklich, weil die Kinder zufrieden spielen. Unsere Kooperationspartner f\u00fcr frische Produkte ist der Milchhof in Alt S\u00fchrkow. Wir empfehlen deren Kuh-Safari, f\u00fcr noch mehr N\u00e4he zu den Tieren im Dorf:&nbsp; <a href=\"https:\/\/www.auf-nach-mv.de\/veranstaltungssuche\/e-kuh-safari-in-der-mecklenburgischen-schweiz\">Hier klicken<\/a>.<\/p>\n\n\n\n<p><strong>\u25b6<\/strong><strong> Qualit<\/strong><strong>\u00e4<\/strong><strong>t<\/strong><\/p>\n\n\n\n<p>Qualit\u00e4t ist uns ein wichtiges Anliegen, von der Gastfreundlichkeit bis hin zu regionalen Lebensmitteln. Angefangen von der Einrichtung des Hauses, bunt wie das Leben und mit Liebe zum Detail. Eine Mischung&nbsp; aus alt und neu. So treffen antike M\u00f6bel und altes Fachwerk auf Designerlampen. Das Haus ist ein Prozess und wir sind stets in der Entwicklung. Das Thema Nachhaltigkeit ist uns von besonderer Bedeutung. Bei der \u00dcbernahme im Jahr 2018 haben wir vier E-Lades\u00e4ulen aufgestellt. Zudem k\u00f6nnen sich unsere G\u00e4ste unsere Fahrr\u00e4der und E-Bikes f\u00fcr einen Ausflug, aber auch zum Einkaufen ausleihen. Wir bieten unseren E-Shuttle-Service vom Bahnhof an, damit G\u00e4ste CO2 frei mit der Bahn anreisen k\u00f6nnen. Auf dem Dach gibt es eine Solarthermie, die die Erw\u00e4rmung unseres Wassers unterst\u00fctzt. Wir kaufen ausschlie\u00dflich regionale Produkte und arbeiten mit lokalen Unternehmen und Handwerkern zusammen. Zudem unterst\u00fctzen wir die Region, indem bspw. ein benachbarter K\u00fcnstler unser Artist in Residence ist und unsere W\u00e4nde mit moderner Kunst f\u00fcllt.<\/p>\n","protected":false},"excerpt":{"rendered":"<p>Hier beginnt die sch\u00f6nste Zeit des Jahres \u2013 Ihr Urlaub mit Seele. Deshalb sind uns die Werte von LandSelection sehr wichtig: Passion, Einzigartigkeit, Bildung und Qualit\u00e4t. \u25b6 Passion&nbsp; Wir sind Gastgeber mit Herz. Das Gutshaus ist in Familienhand. Das Geb\u00e4ude erz\u00e4hlt&nbsp;Geschichten. Seite an Seite mit neuen Ideen und Entwicklung. Die &#8230;<\/p>\n","protected":false},"author":1,"featured_media":3226,"parent":0,"menu_order":0,"comment_status":"closed","ping_status":"closed","template":"","meta":{"_acf_changed":false,"footnotes":""},"class_list":["post-3533","page","type-page","status-publish","has-post-thumbnail","hentry"],"acf":[],"_links":{"self":[{"href":"https:\/\/www.gut-pohnstorf.de\/en\/wp-json\/wp\/v2\/pages\/3533","targetHints":{"allow":["GET"]}}],"collection":[{"href":"https:\/\/www.gut-pohnstorf.de\/en\/wp-json\/wp\/v2\/pages"}],"about":[{"href":"https:\/\/www.gut-pohnstorf.de\/en\/wp-json\/wp\/v2\/types\/page"}],"author":[{"embeddable":true,"href":"https:\/\/www.gut-pohnstorf.de\/en\/wp-json\/wp\/v2\/users\/1"}],"replies":[{"embeddable":true,"href":"https:\/\/www.gut-pohnstorf.de\/en\/wp-json\/wp\/v2\/comments?post=3533"}],"version-history":[{"count":1,"href":"https:\/\/www.gut-pohnstorf.de\/en\/wp-json\/wp\/v2\/pages\/3533\/revisions"}],"predecessor-version":[{"id":3742,"href":"https:\/\/www.gut-pohnstorf.de\/en\/wp-json\/wp\/v2\/pages\/3533\/revisions\/3742"}],"wp:featuredmedia":[{"embeddable":true,"href":"https:\/\/www.gut-pohnstorf.de\/en\/wp-json\/wp\/v2\/media\/3226"}],"wp:attachment":[{"href":"https:\/\/www.gut-pohnstorf.de\/en\/wp-json\/wp\/v2\/media?parent=3533"}],"curies":[{"name":"wp","href":"https:\/\/api.w.org\/{rel}","templated":true}]}}