{"id":4856,"date":"2024-12-09T12:24:06","date_gmt":"2024-12-09T11:24:06","guid":{"rendered":"https:\/\/www.gut-pohnstorf.de\/?page_id=4856"},"modified":"2024-12-09T12:37:23","modified_gmt":"2024-12-09T11:37:23","slug":"tango-workshop-am-11-januar-2025","status":"publish","type":"page","link":"https:\/\/www.gut-pohnstorf.de\/en\/tango-workshop-am-11-januar-2025\/","title":{"rendered":"Tango Workshop am 11. Januar 2025"},"content":{"rendered":"\n<p><strong>Tango Argentino \u2013 Anf\u00e4nger Workshop und Fortgeschrittenen Workshop auf Gut Pohnstorf<br><\/strong>Ihr wolltet schon immer mal Tango Argentino lernen? Die Kinder sind aus dem Gr\u00f6bsten raus und nun es ist h\u00f6chste Zeit f\u00fcr eine gemeinsame Aktivit\u00e4t? Freunde von Euch tanzen schon ein Weilchen Tango, schw\u00e4rmen immer davon? Oder ihr sucht ein sch\u00f6nes Geschenk? Alle sind willkommen! Wir bieten einen speziellen 1,5 st\u00fcndigen Tango Argentino Workshop im Tanzsaal auf Gut Pohnstorf an. Alle sind herzlich willkommen!<\/p>\n\n\n\n<p>Einsteiger-Workshop von 16-17.30 h<\/p>\n\n\n\n<p>Fortgeschrittenen-Workshop von 18-19.30 h<\/p>\n\n\n\n<p>15 Euro p.P., mit Anmeldung unter <a href=\"mailto:info@gut-pohnstorf.de\">info@gut-pohnstorf.de<\/a><\/p>\n\n\n\n<p><strong>Tango Argentino Milonga<br><\/strong>F\u00fcr alle WorkshopteilnehmerInnen gibt es ab 20 Uhr eine kleine Milonga (Tangoball) mit \u00fcberwiegend klassischen Tangos, aber auch Neo- und Non-Tangos.<\/p>\n","protected":false},"excerpt":{"rendered":"<p>Tango Workshop<\/p>\n","protected":false},"author":1,"featured_media":4857,"parent":0,"menu_order":0,"comment_status":"closed","ping_status":"closed","template":"","meta":{"_acf_changed":false,"footnotes":""},"class_list":["post-4856","page","type-page","status-publish","has-post-thumbnail","hentry"],"acf":[],"_links":{"self":[{"href":"https:\/\/www.gut-pohnstorf.de\/en\/wp-json\/wp\/v2\/pages\/4856","targetHints":{"allow":["GET"]}}],"collection":[{"href":"https:\/\/www.gut-pohnstorf.de\/en\/wp-json\/wp\/v2\/pages"}],"about":[{"href":"https:\/\/www.gut-pohnstorf.de\/en\/wp-json\/wp\/v2\/types\/page"}],"author":[{"embeddable":true,"href":"https:\/\/www.gut-pohnstorf.de\/en\/wp-json\/wp\/v2\/users\/1"}],"replies":[{"embeddable":true,"href":"https:\/\/www.gut-pohnstorf.de\/en\/wp-json\/wp\/v2\/comments?post=4856"}],"version-history":[{"count":5,"href":"https:\/\/www.gut-pohnstorf.de\/en\/wp-json\/wp\/v2\/pages\/4856\/revisions"}],"predecessor-version":[{"id":4863,"href":"https:\/\/www.gut-pohnstorf.de\/en\/wp-json\/wp\/v2\/pages\/4856\/revisions\/4863"}],"wp:featuredmedia":[{"embeddable":true,"href":"https:\/\/www.gut-pohnstorf.de\/en\/wp-json\/wp\/v2\/media\/4857"}],"wp:attachment":[{"href":"https:\/\/www.gut-pohnstorf.de\/en\/wp-json\/wp\/v2\/media?parent=4856"}],"curies":[{"name":"wp","href":"https:\/\/api.w.org\/{rel}","templated":true}]}}